{"id":604,"date":"2024-02-27T19:28:18","date_gmt":"2024-02-27T19:28:18","guid":{"rendered":"https:\/\/mimukai.eus\/mimukai\/"},"modified":"2025-05-09T09:26:23","modified_gmt":"2025-05-09T09:26:23","slug":"conoce","status":"publish","type":"page","link":"https:\/\/mimukai.eus\/es\/conoce\/","title":{"rendered":"Conoce"},"content":{"rendered":"\n<div class=\"wp-block-cover alignfull is-light has-custom-content-position is-position-bottom-center\" style=\"min-height:266px;aspect-ratio:unset;\"><span aria-hidden=\"true\" class=\"wp-block-cover__background has-primary-background-color has-background-dim-100 has-background-dim\"><\/span><img loading=\"lazy\" decoding=\"async\" width=\"2560\" height=\"1710\" class=\"wp-block-cover__image-background wp-image-551\" alt=\"\" src=\"https:\/\/mimukai.eus\/wp-content\/uploads\/2024\/03\/Goiko-argazkia-scaled.jpg\" data-object-fit=\"cover\" srcset=\"https:\/\/mimukai.eus\/wp-content\/uploads\/2024\/03\/Goiko-argazkia-scaled.jpg 2560w, https:\/\/mimukai.eus\/wp-content\/uploads\/2024\/03\/Goiko-argazkia-512x342.jpg 512w, https:\/\/mimukai.eus\/wp-content\/uploads\/2024\/03\/Goiko-argazkia-1024x684.jpg 1024w, https:\/\/mimukai.eus\/wp-content\/uploads\/2024\/03\/Goiko-argazkia-768x513.jpg 768w, https:\/\/mimukai.eus\/wp-content\/uploads\/2024\/03\/Goiko-argazkia-1536x1026.jpg 1536w, https:\/\/mimukai.eus\/wp-content\/uploads\/2024\/03\/Goiko-argazkia-2048x1368.jpg 2048w\" sizes=\"auto, (max-width: 2560px) 100vw, 2560px\" \/><div class=\"wp-block-cover__inner-container has-global-padding is-layout-constrained wp-block-cover-is-layout-constrained\">\n<h2 class=\"wp-block-heading alignwide has-text-align-left has-base-color has-text-color has-link-color has-poppins-font-family wp-elements-8dfe539a0a422cc32dc5dfb7bc261511\" style=\"margin-top:var(--wp--preset--spacing--50);margin-bottom:var(--wp--preset--spacing--50);font-style:normal;font-weight:400\" data-aos=\"fade-right\" data-aos-duration=\"300\" data-aos-delay=\"0\">Conoce Mimukai <br\/><\/h2>\n\n\n\n<div class=\"wp-block-group alignwide is-layout-flow wp-block-group-is-layout-flow\" data-aos=\"fade-right\" data-aos-duration=\"300\" data-aos-delay=\"0\">\n<div class=\"wp-block-buttons is-layout-flex wp-container-core-buttons-is-layout-da267d74 wp-block-buttons-is-layout-flex\">\n<div class=\"wp-block-button is-style-outline is-style-outline--2\"><a class=\"wp-block-button__link has-base-color has-text-color has-link-color wp-element-button\" href=\"#zer-da\" style=\"border-radius:100px\">\u00bfQu\u00e9 es?<\/a><\/div>\n\n\n\n<div class=\"wp-block-button is-style-outline is-style-outline--3\"><a class=\"wp-block-button__link has-base-color has-text-color has-link-color wp-element-button\" href=\"#espazioa\" style=\"border-radius:100px\">Centro<\/a><\/div>\n\n\n\n<div class=\"wp-block-button is-style-outline is-style-outline--4\"><a class=\"wp-block-button__link has-base-color has-text-color has-link-color wp-element-button\" href=\"#sarea\" style=\"border-radius:100px\">Red<br\/><\/a><\/div>\n\n\n\n<div class=\"wp-block-button is-style-outline is-style-outline--5\"><a class=\"wp-block-button__link has-base-color has-text-color has-link-color wp-element-button\" href=\"\/#proiektua\" style=\"border-radius:100px\">Proyecto<\/a><\/div>\n<\/div>\n<\/div>\n<\/div><\/div>\n\n<div class=\"wp-block-group alignwide is-layout-flow wp-block-group-is-layout-flow\" id=\"zer-da\" style=\"padding-top:var(--wp--preset--spacing--40);padding-right:0;padding-bottom:var(--wp--preset--spacing--40);padding-left:0\">\n<h2 class=\"wp-block-heading alignfull has-poppins-font-family\" style=\"font-style:normal;font-weight:400\" data-aos=\"fade-up\" data-aos-duration=\"500\" data-aos-delay=\"300\">\u00bfQu\u00e9 es?<\/h2>\n\n\n\n<p>Mimukai es el primer brote en un \u00e1rbol injertado, en euskera de Leitza, y es lo que pretende ser este proyecto para el desarrollo de la comarca. Un impulso que permita generar ideas, desarrollarlas, ponerlas en marcha&#8230; <\/p>\n\n\n\n<p>Aunque el Centro Mimukai est\u00e1 ubicado en Leitza, es un proyecto para toda la comarca y un importante instrumento del Plan de Promoci\u00f3n Econ\u00f3mica de Mendialdea.<\/p>\n\n\n\n<div class=\"wp-block-group alignwide has-global-padding is-layout-constrained wp-block-group-is-layout-constrained\" style=\"padding-top:var(--wp--preset--spacing--40)\">\n<div class=\"video-responsive\"><iframe src=\"https:\/\/www.youtube-nocookie.com\/embed\/9Y-n-WnxQHI?si=wUsXgMcDHRbI5ZyU&#038;controls=0\" title=\"YouTube video player\" rel=\"0\" frameborder=\"0\" allow=\"accelerometer; autoplay; clipboard-write; encrypted-media; modestbranding; gyroscope; picture-in-picture; web-share\" allowfullscreen=\"\"><\/iframe><\/div>\n<\/div>\n<\/div>\n\n<div class=\"wp-block-group alignwide has-tertiary-background-color has-background is-layout-flow wp-block-group-is-layout-flow\" id=\"espazioa\" style=\"border-radius:10px;margin-top:var(--wp--preset--spacing--60);margin-bottom:var(--wp--preset--spacing--60);padding-top:var(--wp--preset--spacing--30);padding-right:var(--wp--preset--spacing--30);padding-bottom:var(--wp--preset--spacing--30);padding-left:var(--wp--preset--spacing--30)\">\n<h2 class=\"wp-block-heading has-poppins-font-family\" style=\"font-style:normal;font-weight:400\">Mimukai Centro<\/h2>\n\n\n\n<h3 class=\"wp-block-heading\"><em>Punto de partida para ideas,<\/em> <em> cuna de nuevas oportunidades.<\/em><\/h3>\n\n\n\n<p>Todas las ideas necesitan un punto de partida, un lugar en el que borbotear. Para ello hemos creado el centro de desarrollo Mimukai, un espacio paa crear para nuevas oportunidades.<\/p>\n\n\n\n<p>Es un espacio de trabajo, para las personas que teletrabajan, emprededore\/as, empresas, estudiantes\u2026 que est\u00e1n en constante colaboraci\u00f3n. Es un espacio que se quiere adaptar a las necesidades de los usuarios. La zona de coworking, las oficinas cerradas, las salas de reuniones, la sala de formaci\u00f3n\u2026 est\u00e1n a su disposici\u00f3n.   <\/p>\n\n\n\n<div class=\"wp-block-buttons is-layout-flex wp-block-buttons-is-layout-flex\">\n<div class=\"wp-block-button\"><a class=\"wp-block-button__link has-base-color has-text-color has-link-color wp-element-button\" href=\"https:\/\/mimukai.eus\/es\/centro\/\">Saber m\u00e1s <br\/><\/a><\/div>\n<\/div>\n<\/div>\n\n<div class=\"wp-block-group alignwide is-layout-flow wp-block-group-is-layout-flow\" id=\"sarea\" style=\"margin-top:var(--wp--preset--spacing--60);margin-bottom:var(--wp--preset--spacing--60)\">\n<div class=\"wp-block-columns are-vertically-aligned-center is-layout-flex wp-container-core-columns-is-layout-28f84493 wp-block-columns-is-layout-flex\">\n<div class=\"wp-block-column is-vertically-aligned-center is-layout-flow wp-block-column-is-layout-flow\" style=\"flex-basis:33%\">\n<div class=\"wp-block-cover is-light\" style=\"border-radius:10px\" data-aos=\"fade-up\" data-aos-duration=\"300\" data-aos-delay=\"0\"><span aria-hidden=\"true\" class=\"wp-block-cover__background has-background-dim-0 has-background-dim\"><\/span><img loading=\"lazy\" decoding=\"async\" width=\"1360\" height=\"907\" class=\"wp-block-cover__image-background wp-image-51\" alt=\"\" src=\"https:\/\/mimukai.eus\/wp-content\/uploads\/2024\/02\/taldea.jpg\" style=\"object-position:59% 61%\" data-object-fit=\"cover\" data-object-position=\"59% 61%\" srcset=\"https:\/\/mimukai.eus\/wp-content\/uploads\/2024\/02\/taldea.jpg 1360w, https:\/\/mimukai.eus\/wp-content\/uploads\/2024\/02\/taldea-300x200.jpg 300w, https:\/\/mimukai.eus\/wp-content\/uploads\/2024\/02\/taldea-1024x683.jpg 1024w, https:\/\/mimukai.eus\/wp-content\/uploads\/2024\/02\/taldea-768x512.jpg 768w\" sizes=\"auto, (max-width: 1360px) 100vw, 1360px\" \/><div class=\"wp-block-cover__inner-container is-layout-flow wp-block-cover-is-layout-flow\">\n<p class=\"has-text-align-center has-large-font-size\"><\/p>\n<\/div><\/div>\n<\/div>\n\n\n\n<div class=\"wp-block-column is-vertically-aligned-center is-layout-flow wp-block-column-is-layout-flow\">\n<h2 class=\"wp-block-heading\">Mimukai Red<\/h2>\n\n\n\n<h3 class=\"wp-block-heading\"><em>Juntos en una misma direcci\u00f3n<\/em><\/h3>\n\n\n\n<p>En el diagn\u00f3stico del Plan de Activaci\u00f3n de Mendialdea se puso de manifiesto el desconocimiento del tejido empresarial de la comarca. Las empresas presentes no se conocen entre ellas y la ciudadan\u00eda tampoco tiene conocimiento de las empresas de la comarca.  <\/p>\n\n\n\n<p>Adem\u00e1s, se detect\u00f3 que tampoco hab\u00eda sinergias entre el tejido empresarial de la comarca y las entidades p\u00fablicas. Por ello, Mimukai asume el reto de dar soluci\u00f3n a esta situaci\u00f3n y Mimukai construir v\u00edas para conocerse y fomentar la colaboraci\u00f3n. Bestalde, eskualdeko enpresa-sarearen eta tokiko erakunde publikoen arteko sinergiak sortzeko premia identifikatu zen. Mimukaitik erronka hauek bere gain hartzen ditu eta elkar ezagutzeko eta elkarlana bultzatzeko bideak eraikitzen ditu. <\/p>\n\n\n\n<div class=\"wp-block-buttons is-layout-flex wp-block-buttons-is-layout-flex\">\n<div class=\"wp-block-button\"><a class=\"wp-block-button__link has-base-color has-text-color has-link-color wp-element-button\" href=\"https:\/\/mimukai.eus\/es\/red\/\">Saber m\u00e1s <br\/><\/a><\/div>\n<\/div>\n<\/div>\n<\/div>\n<\/div>\n\n<div class=\"wp-block-columns alignwide are-vertically-aligned-center is-layout-flex wp-container-core-columns-is-layout-45c10ec9 wp-block-columns-is-layout-flex\" id=\"proiektua\" style=\"margin-top:var(--wp--preset--spacing--60);margin-bottom:var(--wp--preset--spacing--60)\">\n<div class=\"wp-block-column is-vertically-aligned-center is-layout-flow wp-block-column-is-layout-flow\" style=\"flex-basis:33.33%\">\n<div class=\"wp-block-group has-global-padding is-layout-constrained wp-block-group-is-layout-constrained wp-container-6 is-position-sticky\">\n<figure data-tanit-img-width=\"594\" data-tanit-img-height=\"1054\" class=\"wp-block-image size-full is-resized\" data-aos=\"fade-up\" data-aos-duration=\"500\" data-aos-delay=\"100\"><img decoding=\"async\" src=\"https:\/\/mimukai.eus\/wp-content\/uploads\/2025\/05\/Page-1-ES.png\" alt=\"\" class=\"wp-image-3147\" style=\"width:434px;height:auto\"\/><\/figure>\n<\/div>\n<\/div>\n\n\n\n<div class=\"wp-block-column is-vertically-aligned-center is-layout-flow wp-block-column-is-layout-flow\" style=\"flex-basis:66.66%\">\n<div class=\"wp-block-group has-tertiary-background-color has-background has-global-padding is-layout-constrained wp-container-core-group-is-layout-80fb368b wp-block-group-is-layout-constrained\" style=\"border-radius:10px;padding-top:var(--wp--preset--spacing--30);padding-right:var(--wp--preset--spacing--30);padding-bottom:var(--wp--preset--spacing--30);padding-left:var(--wp--preset--spacing--30)\">\n<h2 class=\"wp-block-heading\">Mimukai Creaci\u00f3n<\/h2>\n\n\n\n<h3 class=\"wp-block-heading\"><em>Buscando nuevos modelos desde lo local y que den respuesta a las necesidades locales.<\/em><\/h3>\n\n\n\n<p>A partir de la identificaci\u00f3n de las carencias o necesidades de la poblaci\u00f3n local crear oportunidades para vivir y trabajar en nuestros pueblos. Tomando como referencia la iniciativa social, se pretende trabajar en la creaci\u00f3n de empleo y en la puesta en marcha de nuevas iniciativas empresariales en la comarca.   <\/p>\n\n\n\n<p>Y es que el proyecto Mimukai se alinea con la filosof\u00eda de la Econom\u00eda Social y Transformadora: teniendo en cuenta la realidad local y buscando soluciones orientadas no solo a la rentabilidad econ\u00f3mica, crear nuevos modelos empresariales ligados al territorio y a las personas.<\/p>\n<\/div>\n\n\n\n<div class=\"wp-block-group has-tertiary-background-color has-background has-global-padding is-layout-constrained wp-container-core-group-is-layout-80fb368b wp-block-group-is-layout-constrained\" style=\"border-radius:10px;padding-top:var(--wp--preset--spacing--30);padding-right:var(--wp--preset--spacing--30);padding-bottom:var(--wp--preset--spacing--30);padding-left:var(--wp--preset--spacing--30)\">\n<h2 class=\"wp-block-heading\">Mimukai Emprendimiento<\/h2>\n\n\n\n<h3 class=\"wp-block-heading\"><em>Apoyo a las personas que quieren emprender su camino<\/em><\/h3>\n\n\n\n<p>Cederna Garalur, gracias a la financiaci\u00f3n d Servicio Navarro de Empleo trabaja para impulsar una cultura de emprendimiento desde el propio territorio. Se ofrece asesoramiento a los proyectos, jornadas de sensibilizaci\u00f3n y formaci\u00f3n y acompa\u00f1amiento a los proyectos de emprendimiento surgen en la comarca. <\/p>\n<\/div>\n\n\n\n<div class=\"wp-block-group has-tertiary-background-color has-background has-global-padding is-layout-constrained wp-container-core-group-is-layout-80fb368b wp-block-group-is-layout-constrained\" style=\"border-radius:10px;padding-top:var(--wp--preset--spacing--30);padding-right:var(--wp--preset--spacing--30);padding-bottom:var(--wp--preset--spacing--30);padding-left:var(--wp--preset--spacing--30)\">\n<h2 class=\"wp-block-heading\">Mimukai Empleo<\/h2>\n\n\n\n<h3 class=\"wp-block-heading\"><em>Nuevas y no tan nuevas oportunidades de trabajo<\/em><\/h3>\n\n\n\n<p>Se trata de crear oportunidades de empleo de calidad y conciliar la empleabilidad de las personas con los puestos de trabajo que ofrecen las empresas del entorno, as\u00ed como impulsar oficios que est\u00e1n desapareciendo para cubrir las necesidades de la ciudadan\u00eda.<\/p>\n<\/div>\n\n\n\n<div class=\"wp-block-group has-tertiary-background-color has-background has-global-padding is-layout-constrained wp-container-core-group-is-layout-80fb368b wp-block-group-is-layout-constrained\" style=\"border-radius:10px;padding-top:var(--wp--preset--spacing--30);padding-right:var(--wp--preset--spacing--30);padding-bottom:var(--wp--preset--spacing--30);padding-left:var(--wp--preset--spacing--30)\">\n<h2 class=\"wp-block-heading\">Mimukai Formaci\u00f3n<\/h2>\n\n\n\n<h3 class=\"wp-block-heading\"><em>Porque siempre hay que seguir aprendiendo<\/em><\/h3>\n\n\n\n<p>Para que una comarca sea competitiva es necesario ofrecer herramientas a las personas que la habitan. Se trata de analizar las necesidades de formaci\u00f3n para el empleo y ofrecer la formaci\u00f3n necesaria en la propia comarca de Mendialdea. Adem\u00e1s se est\u00e1 se est\u00e1 colaborando con los centros de formaci\u00f3n para fomentar el empleo y el emprendimiento local y retener el talento  <\/p>\n<\/div>\n<\/div>\n<\/div>\n","protected":false},"excerpt":{"rendered":"<p>\u00bfQu\u00e9 es? Mimukai es el primer brote en un \u00e1rbol injertado, en euskera de Leitza, y es lo que pretende ser este proyecto para el desarrollo de la comarca. Un impulso que permita generar ideas, desarrollarlas, ponerlas en marcha&#8230; Aunque el Centro Mimukai est\u00e1 ubicado en Leitza, es un proyecto para toda la comarca y [&hellip;]<\/p>\n","protected":false},"author":1,"featured_media":0,"parent":0,"menu_order":0,"comment_status":"closed","ping_status":"closed","template":"","meta":{"event_start_date":"","event_end_date":"","event_occurrences":[],"footnotes":""},"class_list":["post-604","page","type-page","status-publish","hentry"],"yoast_head":"<!-- This site is optimized with the Yoast SEO plugin v27.1.1 - https:\/\/yoast.com\/product\/yoast-seo-wordpress\/ -->\n<title>Conoce - Mimukai<\/title>\n<meta name=\"robots\" content=\"index, follow, max-snippet:-1, max-image-preview:large, max-video-preview:-1\" \/>\n<link rel=\"canonical\" href=\"https:\/\/mimukai.eus\/es\/conoce\/\" \/>\n<meta property=\"og:locale\" content=\"es_ES\" \/>\n<meta property=\"og:type\" content=\"article\" \/>\n<meta property=\"og:title\" content=\"Conoce - Mimukai\" \/>\n<meta property=\"og:description\" content=\"\u00bfQu\u00e9 es? Mimukai es el primer brote en un \u00e1rbol injertado, en euskera de Leitza, y es lo que pretende ser este proyecto para el desarrollo de la comarca. Un impulso que permita generar ideas, desarrollarlas, ponerlas en marcha&#8230; Aunque el Centro Mimukai est\u00e1 ubicado en Leitza, es un proyecto para toda la comarca y [&hellip;]\" \/>\n<meta property=\"og:url\" content=\"https:\/\/mimukai.eus\/es\/conoce\/\" \/>\n<meta property=\"og:site_name\" content=\"Mimukai\" \/>\n<meta property=\"article:modified_time\" content=\"2025-05-09T09:26:23+00:00\" \/>\n<meta property=\"og:image\" content=\"https:\/\/mimukai.eus\/app\/uploads\/2024\/03\/Goiko-argazkia-scaled.jpg\" \/>\n<meta name=\"twitter:card\" content=\"summary_large_image\" \/>\n<meta name=\"twitter:label1\" content=\"Est. reading time\" \/>\n\t<meta name=\"twitter:data1\" content=\"3 minutes\" \/>\n<script type=\"application\/ld+json\" class=\"yoast-schema-graph\">{\"@context\":\"https:\/\/schema.org\",\"@graph\":[{\"@type\":\"WebPage\",\"@id\":\"https:\/\/mimukai.eus\/es\/conoce\/\",\"url\":\"https:\/\/mimukai.eus\/es\/conoce\/\",\"name\":\"Conoce - Mimukai\",\"isPartOf\":{\"@id\":\"https:\/\/mimukai.eus\/#website\"},\"primaryImageOfPage\":{\"@id\":\"https:\/\/mimukai.eus\/es\/conoce\/#primaryimage\"},\"image\":{\"@id\":\"https:\/\/mimukai.eus\/es\/conoce\/#primaryimage\"},\"thumbnailUrl\":\"https:\/\/mimukai.eus\/wp-content\/uploads\/2024\/03\/Goiko-argazkia-scaled.jpg\",\"datePublished\":\"2024-02-27T19:28:18+00:00\",\"dateModified\":\"2025-05-09T09:26:23+00:00\",\"breadcrumb\":{\"@id\":\"https:\/\/mimukai.eus\/es\/conoce\/#breadcrumb\"},\"inLanguage\":\"es-ES\",\"potentialAction\":[{\"@type\":\"ReadAction\",\"target\":[\"https:\/\/mimukai.eus\/es\/conoce\/\"]}]},{\"@type\":\"ImageObject\",\"inLanguage\":\"es-ES\",\"@id\":\"https:\/\/mimukai.eus\/es\/conoce\/#primaryimage\",\"url\":\"https:\/\/mimukai.eus\/wp-content\/uploads\/2024\/03\/Goiko-argazkia-scaled.jpg\",\"contentUrl\":\"https:\/\/mimukai.eus\/wp-content\/uploads\/2024\/03\/Goiko-argazkia-scaled.jpg\"},{\"@type\":\"BreadcrumbList\",\"@id\":\"https:\/\/mimukai.eus\/es\/conoce\/#breadcrumb\",\"itemListElement\":[{\"@type\":\"ListItem\",\"position\":1,\"name\":\"Home\",\"item\":\"https:\/\/mimukai.eus\/es\/\"},{\"@type\":\"ListItem\",\"position\":2,\"name\":\"Conoce\"}]},{\"@type\":\"WebSite\",\"@id\":\"https:\/\/mimukai.eus\/#website\",\"url\":\"https:\/\/mimukai.eus\/\",\"name\":\"Mimukai\",\"description\":\"Topagunea. Elkarlana. Sinergiak. Zubiak\",\"publisher\":{\"@id\":\"https:\/\/mimukai.eus\/#organization\"},\"potentialAction\":[{\"@type\":\"SearchAction\",\"target\":{\"@type\":\"EntryPoint\",\"urlTemplate\":\"https:\/\/mimukai.eus\/?s={search_term_string}\"},\"query-input\":{\"@type\":\"PropertyValueSpecification\",\"valueRequired\":true,\"valueName\":\"search_term_string\"}}],\"inLanguage\":\"es-ES\"},{\"@type\":\"Organization\",\"@id\":\"https:\/\/mimukai.eus\/#organization\",\"name\":\"Mimukai\",\"url\":\"https:\/\/mimukai.eus\/\",\"logo\":{\"@type\":\"ImageObject\",\"inLanguage\":\"es-ES\",\"@id\":\"https:\/\/mimukai.eus\/#\/schema\/logo\/image\/\",\"url\":\"https:\/\/mimukai.eus\/wp-content\/uploads\/2024\/03\/V1.png\",\"contentUrl\":\"https:\/\/mimukai.eus\/wp-content\/uploads\/2024\/03\/V1.png\",\"width\":1560,\"height\":304,\"caption\":\"Mimukai\"},\"image\":{\"@id\":\"https:\/\/mimukai.eus\/#\/schema\/logo\/image\/\"}}]}<\/script>\n<!-- \/ Yoast SEO plugin. -->","yoast_head_json":{"title":"Conoce - Mimukai","robots":{"index":"index","follow":"follow","max-snippet":"max-snippet:-1","max-image-preview":"max-image-preview:large","max-video-preview":"max-video-preview:-1"},"canonical":"https:\/\/mimukai.eus\/es\/conoce\/","og_locale":"es_ES","og_type":"article","og_title":"Conoce - Mimukai","og_description":"\u00bfQu\u00e9 es? Mimukai es el primer brote en un \u00e1rbol injertado, en euskera de Leitza, y es lo que pretende ser este proyecto para el desarrollo de la comarca. Un impulso que permita generar ideas, desarrollarlas, ponerlas en marcha&#8230; Aunque el Centro Mimukai est\u00e1 ubicado en Leitza, es un proyecto para toda la comarca y [&hellip;]","og_url":"https:\/\/mimukai.eus\/es\/conoce\/","og_site_name":"Mimukai","article_modified_time":"2025-05-09T09:26:23+00:00","og_image":[{"url":"https:\/\/mimukai.eus\/app\/uploads\/2024\/03\/Goiko-argazkia-scaled.jpg","type":"","width":"","height":""}],"twitter_card":"summary_large_image","twitter_misc":{"Est. reading time":"3 minutes"},"schema":{"@context":"https:\/\/schema.org","@graph":[{"@type":"WebPage","@id":"https:\/\/mimukai.eus\/es\/conoce\/","url":"https:\/\/mimukai.eus\/es\/conoce\/","name":"Conoce - Mimukai","isPartOf":{"@id":"https:\/\/mimukai.eus\/#website"},"primaryImageOfPage":{"@id":"https:\/\/mimukai.eus\/es\/conoce\/#primaryimage"},"image":{"@id":"https:\/\/mimukai.eus\/es\/conoce\/#primaryimage"},"thumbnailUrl":"https:\/\/mimukai.eus\/wp-content\/uploads\/2024\/03\/Goiko-argazkia-scaled.jpg","datePublished":"2024-02-27T19:28:18+00:00","dateModified":"2025-05-09T09:26:23+00:00","breadcrumb":{"@id":"https:\/\/mimukai.eus\/es\/conoce\/#breadcrumb"},"inLanguage":"es-ES","potentialAction":[{"@type":"ReadAction","target":["https:\/\/mimukai.eus\/es\/conoce\/"]}]},{"@type":"ImageObject","inLanguage":"es-ES","@id":"https:\/\/mimukai.eus\/es\/conoce\/#primaryimage","url":"https:\/\/mimukai.eus\/wp-content\/uploads\/2024\/03\/Goiko-argazkia-scaled.jpg","contentUrl":"https:\/\/mimukai.eus\/wp-content\/uploads\/2024\/03\/Goiko-argazkia-scaled.jpg"},{"@type":"BreadcrumbList","@id":"https:\/\/mimukai.eus\/es\/conoce\/#breadcrumb","itemListElement":[{"@type":"ListItem","position":1,"name":"Home","item":"https:\/\/mimukai.eus\/es\/"},{"@type":"ListItem","position":2,"name":"Conoce"}]},{"@type":"WebSite","@id":"https:\/\/mimukai.eus\/#website","url":"https:\/\/mimukai.eus\/","name":"Mimukai","description":"Topagunea. Elkarlana. Sinergiak. Zubiak","publisher":{"@id":"https:\/\/mimukai.eus\/#organization"},"potentialAction":[{"@type":"SearchAction","target":{"@type":"EntryPoint","urlTemplate":"https:\/\/mimukai.eus\/?s={search_term_string}"},"query-input":{"@type":"PropertyValueSpecification","valueRequired":true,"valueName":"search_term_string"}}],"inLanguage":"es-ES"},{"@type":"Organization","@id":"https:\/\/mimukai.eus\/#organization","name":"Mimukai","url":"https:\/\/mimukai.eus\/","logo":{"@type":"ImageObject","inLanguage":"es-ES","@id":"https:\/\/mimukai.eus\/#\/schema\/logo\/image\/","url":"https:\/\/mimukai.eus\/wp-content\/uploads\/2024\/03\/V1.png","contentUrl":"https:\/\/mimukai.eus\/wp-content\/uploads\/2024\/03\/V1.png","width":1560,"height":304,"caption":"Mimukai"},"image":{"@id":"https:\/\/mimukai.eus\/#\/schema\/logo\/image\/"}}]}},"_links":{"self":[{"href":"https:\/\/mimukai.eus\/es\/wp-json\/wp\/v2\/pages\/604","targetHints":{"allow":["GET"]}}],"collection":[{"href":"https:\/\/mimukai.eus\/es\/wp-json\/wp\/v2\/pages"}],"about":[{"href":"https:\/\/mimukai.eus\/es\/wp-json\/wp\/v2\/types\/page"}],"author":[{"embeddable":true,"href":"https:\/\/mimukai.eus\/es\/wp-json\/wp\/v2\/users\/1"}],"replies":[{"embeddable":true,"href":"https:\/\/mimukai.eus\/es\/wp-json\/wp\/v2\/comments?post=604"}],"version-history":[{"count":41,"href":"https:\/\/mimukai.eus\/es\/wp-json\/wp\/v2\/pages\/604\/revisions"}],"predecessor-version":[{"id":3173,"href":"https:\/\/mimukai.eus\/es\/wp-json\/wp\/v2\/pages\/604\/revisions\/3173"}],"wp:attachment":[{"href":"https:\/\/mimukai.eus\/es\/wp-json\/wp\/v2\/media?parent=604"}],"curies":[{"name":"wp","href":"https:\/\/api.w.org\/{rel}","templated":true}]}}