{"id":2692,"date":"2025-03-01T10:25:07","date_gmt":"2025-03-01T10:25:07","guid":{"rendered":"https:\/\/mimukai.eus\/plan-de-impulso-economico\/turismo\/"},"modified":"2025-05-06T17:06:19","modified_gmt":"2025-05-06T17:06:19","slug":"turismo","status":"publish","type":"page","link":"https:\/\/mimukai.eus\/es\/plan-de-impulso-economico\/turismo\/","title":{"rendered":"Turismo"},"content":{"rendered":"\n<h1 class=\"wp-block-heading\">Turismo Sostenible<\/h1>\n\n<p>El principal impulsor del sector tur\u00edstico comarcal es el Consorcio Tur\u00edstico Plazaola. En 2021, el Consorcio Tur\u00edstico Plazaola elabor\u00f3 el Plan de Turismo <em>Plazaola-Mendialdea<\/em> 2022-2030 a trav\u00e9s de un amplio proceso participativo. De hecho, el Consorcio ha asumido el reto de trabajar con el enfoque comarcal y, dentro del Plan, gestionan la secci\u00f3n de turismo junto con Cederna Garalur.   <\/p>\n\n<div class=\"wp-block-group alignwide has-background has-global-padding is-layout-constrained wp-container-core-group-is-layout-80fb368b wp-block-group-is-layout-constrained\" id=\"turismoa\" style=\"background-color:#9eb5cd;padding-top:var(--wp--preset--spacing--30);padding-right:var(--wp--preset--spacing--30);padding-bottom:var(--wp--preset--spacing--30);padding-left:var(--wp--preset--spacing--30)\">\n<div class=\"wp-block-columns is-layout-flex wp-container-core-columns-is-layout-28f84493 wp-block-columns-is-layout-flex\">\n<div class=\"wp-block-column is-layout-flow wp-block-column-is-layout-flow\">\n<h5 class=\"wp-block-heading\"><strong>1. OBJETIVO: FOMENTO DEL TURISMO COMARCAL<\/strong><\/h5>\n\n\n\n<ul class=\"wp-block-list\">\n<li>Desarrollo del producto tur\u00edstico<\/li>\n\n\n\n<li>Comunicaci\u00f3n.<\/li>\n\n\n\n<li>Promover la formaci\u00f3n y la innovaci\u00f3n<\/li>\n\n\n\n<li>Fomento del emprendimiento<\/li>\n<\/ul>\n<\/div>\n\n\n\n<div class=\"wp-block-column is-layout-flow wp-block-column-is-layout-flow\">\n<h5 class=\"wp-block-heading\"><strong>2. OBJETIVO: PROMOVER LA PERSPECTIVA COMARCAL<\/strong><\/h5>\n\n\n\n<ul class=\"wp-block-list\">\n<li>Promover el trabajo en red<\/li>\n\n\n\n<li>Promover la sostenibilidad<\/li>\n<\/ul>\n<\/div>\n<\/div>\n<\/div>\n\n<div class=\"wp-block-group alignwide has-global-padding is-layout-constrained wp-block-group-is-layout-constrained\">\n<h2 class=\"wp-block-heading alignwide\">Noticias<\/h2>\n\n\n\n<div class=\"wp-block-query alignwide is-layout-flow wp-block-query-is-layout-flow\"><ul class=\"columns-4 wp-block-post-template is-layout-grid wp-container-core-post-template-is-layout-0eac9162 wp-block-post-template-is-layout-grid\"><li class=\"wp-block-post post-3280 post type-post status-publish format-standard has-post-thumbnail hentry category-noticias category-turismo\">\n<figure style=\"aspect-ratio:1; margin-top:var(--wp--preset--spacing--30);margin-bottom:var(--wp--preset--spacing--30);\" class=\"wp-block-post-featured-image\"><a href=\"https:\/\/mimukai.eus\/es\/el-consorcio-turistico-del-plazaola-30-urteurrena-celebra-la-jornada\/\" target=\"_self\"  ><img loading=\"lazy\" decoding=\"async\" width=\"2000\" height=\"1333\" src=\"https:\/\/mimukai.eus\/wp-content\/uploads\/2025\/05\/091_8371.jpg\" class=\"attachment-post-thumbnail size-post-thumbnail wp-post-image\" alt=\"El Consorcio Tur\u00edstico del Plazaola 30.urteurrena celebra la jornada\" style=\"border-radius:10px;width:100%;height:100%;object-fit:cover;\" srcset=\"https:\/\/mimukai.eus\/wp-content\/uploads\/2025\/05\/091_8371.jpg 2000w, https:\/\/mimukai.eus\/wp-content\/uploads\/2025\/05\/091_8371-512x341.jpg 512w, https:\/\/mimukai.eus\/wp-content\/uploads\/2025\/05\/091_8371-1024x682.jpg 1024w, https:\/\/mimukai.eus\/wp-content\/uploads\/2025\/05\/091_8371-768x512.jpg 768w, https:\/\/mimukai.eus\/wp-content\/uploads\/2025\/05\/091_8371-1536x1024.jpg 1536w\" sizes=\"auto, (max-width: 2000px) 100vw, 2000px\" \/><\/a><\/figure>\n\n\n<div class=\"wp-block-group has-secondary-color has-text-color has-link-color has-small-font-size wp-elements-cd1aa0473887465eeb7066ea4fc7b41f is-vertical is-layout-flex wp-container-core-group-is-layout-f272ca0a wp-block-group-is-layout-flex\" style=\"margin-top:0;margin-bottom:0\">\n<div class=\"wp-block-group is-nowrap is-layout-flex wp-container-core-group-is-layout-5ca73bd7 wp-block-group-is-layout-flex\" style=\"margin-top:0;margin-bottom:var(--wp--preset--spacing--30);padding-top:0;padding-bottom:0\">\n\n\n<style class=\"wp-elements-d34aad428cc4f7b4bc6cc1d09b00e825\">\n\t:root {\n\t\t--heroicon-size: 16px;\n\t}\n<\/style>\n\n<div class=\"heroicon-template-container\">\n\t<span class=\"wp-elements-d34aad428cc4f7b4bc6cc1d09b00e825 wp-block-mikelaroy-heroicons has-text-color has-secondary-color\">\n\t\t<svg width=\"16\" height=\"16\" viewBox=\"0 0 16 16\" fill=\"none\" xmlns=\"http:\/\/www.w3.org\/2000\/svg\">\n<path d=\"M5.75 7.5C5.33579 7.5 5 7.83579 5 8.25C5 8.66421 5.33579 9 5.75 9C6.16421 9 6.5 8.66421 6.5 8.25C6.5 7.83579 6.16421 7.5 5.75 7.5Z\" fill=\"#0F172A\" \/>\n<path d=\"M5 10.25C5 9.83579 5.33579 9.5 5.75 9.5C6.16421 9.5 6.5 9.83579 6.5 10.25C6.5 10.6642 6.16421 11 5.75 11C5.33579 11 5 10.6642 5 10.25Z\" fill=\"#0F172A\" \/>\n<path d=\"M10.25 7.5C9.83579 7.5 9.5 7.83579 9.5 8.25C9.5 8.66421 9.83579 9 10.25 9C10.6642 9 11 8.66421 11 8.25C11 7.83579 10.6642 7.5 10.25 7.5Z\" fill=\"#0F172A\" \/>\n<path d=\"M7.25 8.25C7.25 7.83579 7.58579 7.5 8 7.5C8.41421 7.5 8.75 7.83579 8.75 8.25C8.75 8.66421 8.41421 9 8 9C7.58579 9 7.25 8.66421 7.25 8.25Z\" fill=\"#0F172A\" \/>\n<path d=\"M8 9.5C7.58579 9.5 7.25 9.83579 7.25 10.25C7.25 10.6642 7.58579 11 8 11C8.41421 11 8.75 10.6642 8.75 10.25C8.75 9.83579 8.41421 9.5 8 9.5Z\" fill=\"#0F172A\" \/>\n<path fill-rule=\"evenodd\" clip-rule=\"evenodd\" d=\"M4.75 1C4.33579 1 4 1.33579 4 1.75V3C2.89543 3 2 3.89543 2 5V12C2 13.1046 2.89543 14 4 14H12C13.1046 14 14 13.1046 14 12V5C14 3.89543 13.1046 3 12 3V1.75C12 1.33579 11.6642 1 11.25 1C10.8358 1 10.5 1.33579 10.5 1.75V3H5.5V1.75C5.5 1.33579 5.16421 1 4.75 1ZM3.5 7C3.5 6.44772 3.94772 6 4.5 6H11.5C12.0523 6 12.5 6.44772 12.5 7V11.5C12.5 12.0523 12.0523 12.5 11.5 12.5H4.5C3.94772 12.5 3.5 12.0523 3.5 11.5V7Z\" fill=\"#0F172A\" \/><\/svg>\t<\/span>\n<\/div>\n\n\n<div style=\"margin-bottom:0;\" class=\"wp-block-post-date\"><time datetime=\"2025-01-07T11:06:00+00:00\">2025\/01\/07<\/time><\/div><\/div>\n\n\n<h2 style=\"line-height:1.2; margin-top:0;margin-bottom:0;\" class=\"has-link-color wp-elements-f5dcd216069b4dae79250f83ccf175b9 wp-block-post-title has-text-color has-contrast-color has-medium-font-size\"><a href=\"https:\/\/mimukai.eus\/es\/el-consorcio-turistico-del-plazaola-30-urteurrena-celebra-la-jornada\/\" target=\"_self\" >El Consorcio Tur\u00edstico del Plazaola 30.urteurrena celebra la jornada<\/a><\/h2>\n\n\n<div class=\"wp-block-group is-nowrap is-layout-flex wp-container-core-group-is-layout-4b0a85f0 wp-block-group-is-layout-flex\">\n\n\n<style class=\"wp-elements-f796d8ee327849766a9434bb9129bc1c\">\n\t:root {\n\t\t--heroicon-size: 16px;\n\t}\n<\/style>\n\n<div class=\"heroicon-template-container\">\n\t<span class=\"wp-elements-f796d8ee327849766a9434bb9129bc1c wp-block-mikelaroy-heroicons has-text-color has-secondary-color\">\n\t\t<svg width=\"16\" height=\"16\" viewBox=\"0 0 16 16\" fill=\"none\" xmlns=\"http:\/\/www.w3.org\/2000\/svg\">\n<path d=\"M2 3.5C2 2.67157 2.67157 2 3.5 2H6.37868C6.7765 2 7.15804 2.15804 7.43934 2.43934L8.56066 3.56066C8.84196 3.84197 9.2235 4 9.62132 4H12.5C13.3284 4 14 4.67157 14 5.5V6.90135C13.5587 6.64609 13.0464 6.5 12.5 6.5H3.5C2.95357 6.5 2.44126 6.64609 2 6.90135V3.5Z\" fill=\"black\" \/>\n<path d=\"M2 9.5V12.5C2 13.3284 2.67157 14 3.5 14H12.5C13.3284 14 14 13.3284 14 12.5V9.5C14 8.67157 13.3284 8 12.5 8H3.5C2.67157 8 2 8.67157 2 9.5Z\" fill=\"black\" \/><\/svg>\t<\/span>\n<\/div>\n\n\n<div class=\"taxonomy-category wp-block-post-terms\"><a href=\"https:\/\/mimukai.eus\/es\/category\/noticias\/\" rel=\"tag\">Noticias<\/a><span class=\"wp-block-post-terms__separator\">, <\/span><a href=\"https:\/\/mimukai.eus\/es\/category\/turismo\/\" rel=\"tag\">Turismo<\/a><\/div><\/div>\n<\/div>\n\n<\/li><li class=\"wp-block-post post-1486 post type-post status-publish format-standard has-post-thumbnail hentry category-noticias category-turismo\">\n<figure style=\"aspect-ratio:1; margin-top:var(--wp--preset--spacing--30);margin-bottom:var(--wp--preset--spacing--30);\" class=\"wp-block-post-featured-image\"><a href=\"https:\/\/mimukai.eus\/es\/el-gobierno-de-navarra-y-cederna-garalur-firman-un-convenio-para-impulsar-proyectos-relacionados-con-el-turismo-en-la-comarca\/\" target=\"_self\"  ><img loading=\"lazy\" decoding=\"async\" width=\"1200\" height=\"665\" src=\"https:\/\/mimukai.eus\/wp-content\/uploads\/2024\/07\/WhatsApp-Image-2024-07-24-at-16.50.13-1.jpeg\" class=\"attachment-post-thumbnail size-post-thumbnail wp-post-image\" alt=\"El Gobierno de Navarra y Cederna Garalur han firmado un convenio para impulsar proyectos relacionados con el turismo en la comarca\" style=\"border-radius:10px;width:100%;height:100%;object-fit:cover;\" srcset=\"https:\/\/mimukai.eus\/wp-content\/uploads\/2024\/07\/WhatsApp-Image-2024-07-24-at-16.50.13-1.jpeg 1200w, https:\/\/mimukai.eus\/wp-content\/uploads\/2024\/07\/WhatsApp-Image-2024-07-24-at-16.50.13-1-512x284.jpeg 512w, https:\/\/mimukai.eus\/wp-content\/uploads\/2024\/07\/WhatsApp-Image-2024-07-24-at-16.50.13-1-1024x567.jpeg 1024w, https:\/\/mimukai.eus\/wp-content\/uploads\/2024\/07\/WhatsApp-Image-2024-07-24-at-16.50.13-1-768x426.jpeg 768w\" sizes=\"auto, (max-width: 1200px) 100vw, 1200px\" \/><\/a><\/figure>\n\n\n<div class=\"wp-block-group has-secondary-color has-text-color has-link-color has-small-font-size wp-elements-cd1aa0473887465eeb7066ea4fc7b41f is-vertical is-layout-flex wp-container-core-group-is-layout-f272ca0a wp-block-group-is-layout-flex\" style=\"margin-top:0;margin-bottom:0\">\n<div class=\"wp-block-group is-nowrap is-layout-flex wp-container-core-group-is-layout-5ca73bd7 wp-block-group-is-layout-flex\" style=\"margin-top:0;margin-bottom:var(--wp--preset--spacing--30);padding-top:0;padding-bottom:0\">\n\n\n<style class=\"wp-elements-d34aad428cc4f7b4bc6cc1d09b00e825\">\n\t:root {\n\t\t--heroicon-size: 16px;\n\t}\n<\/style>\n\n<div class=\"heroicon-template-container\">\n\t<span class=\"wp-elements-d34aad428cc4f7b4bc6cc1d09b00e825 wp-block-mikelaroy-heroicons has-text-color has-secondary-color\">\n\t\t<svg width=\"16\" height=\"16\" viewBox=\"0 0 16 16\" fill=\"none\" xmlns=\"http:\/\/www.w3.org\/2000\/svg\">\n<path d=\"M5.75 7.5C5.33579 7.5 5 7.83579 5 8.25C5 8.66421 5.33579 9 5.75 9C6.16421 9 6.5 8.66421 6.5 8.25C6.5 7.83579 6.16421 7.5 5.75 7.5Z\" fill=\"#0F172A\" \/>\n<path d=\"M5 10.25C5 9.83579 5.33579 9.5 5.75 9.5C6.16421 9.5 6.5 9.83579 6.5 10.25C6.5 10.6642 6.16421 11 5.75 11C5.33579 11 5 10.6642 5 10.25Z\" fill=\"#0F172A\" \/>\n<path d=\"M10.25 7.5C9.83579 7.5 9.5 7.83579 9.5 8.25C9.5 8.66421 9.83579 9 10.25 9C10.6642 9 11 8.66421 11 8.25C11 7.83579 10.6642 7.5 10.25 7.5Z\" fill=\"#0F172A\" \/>\n<path d=\"M7.25 8.25C7.25 7.83579 7.58579 7.5 8 7.5C8.41421 7.5 8.75 7.83579 8.75 8.25C8.75 8.66421 8.41421 9 8 9C7.58579 9 7.25 8.66421 7.25 8.25Z\" fill=\"#0F172A\" \/>\n<path d=\"M8 9.5C7.58579 9.5 7.25 9.83579 7.25 10.25C7.25 10.6642 7.58579 11 8 11C8.41421 11 8.75 10.6642 8.75 10.25C8.75 9.83579 8.41421 9.5 8 9.5Z\" fill=\"#0F172A\" \/>\n<path fill-rule=\"evenodd\" clip-rule=\"evenodd\" d=\"M4.75 1C4.33579 1 4 1.33579 4 1.75V3C2.89543 3 2 3.89543 2 5V12C2 13.1046 2.89543 14 4 14H12C13.1046 14 14 13.1046 14 12V5C14 3.89543 13.1046 3 12 3V1.75C12 1.33579 11.6642 1 11.25 1C10.8358 1 10.5 1.33579 10.5 1.75V3H5.5V1.75C5.5 1.33579 5.16421 1 4.75 1ZM3.5 7C3.5 6.44772 3.94772 6 4.5 6H11.5C12.0523 6 12.5 6.44772 12.5 7V11.5C12.5 12.0523 12.0523 12.5 11.5 12.5H4.5C3.94772 12.5 3.5 12.0523 3.5 11.5V7Z\" fill=\"#0F172A\" \/><\/svg>\t<\/span>\n<\/div>\n\n\n<div style=\"margin-bottom:0;\" class=\"wp-block-post-date\"><time datetime=\"2024-07-24T16:51:18+00:00\">2024\/07\/24<\/time><\/div><\/div>\n\n\n<h2 style=\"line-height:1.2; margin-top:0;margin-bottom:0;\" class=\"has-link-color wp-elements-f5dcd216069b4dae79250f83ccf175b9 wp-block-post-title has-text-color has-contrast-color has-medium-font-size\"><a href=\"https:\/\/mimukai.eus\/es\/el-gobierno-de-navarra-y-cederna-garalur-firman-un-convenio-para-impulsar-proyectos-relacionados-con-el-turismo-en-la-comarca\/\" target=\"_self\" >El Gobierno de Navarra y Cederna Garalur han firmado un convenio para impulsar proyectos relacionados con el turismo en la comarca<\/a><\/h2>\n\n\n<div class=\"wp-block-group is-nowrap is-layout-flex wp-container-core-group-is-layout-4b0a85f0 wp-block-group-is-layout-flex\">\n\n\n<style class=\"wp-elements-f796d8ee327849766a9434bb9129bc1c\">\n\t:root {\n\t\t--heroicon-size: 16px;\n\t}\n<\/style>\n\n<div class=\"heroicon-template-container\">\n\t<span class=\"wp-elements-f796d8ee327849766a9434bb9129bc1c wp-block-mikelaroy-heroicons has-text-color has-secondary-color\">\n\t\t<svg width=\"16\" height=\"16\" viewBox=\"0 0 16 16\" fill=\"none\" xmlns=\"http:\/\/www.w3.org\/2000\/svg\">\n<path d=\"M2 3.5C2 2.67157 2.67157 2 3.5 2H6.37868C6.7765 2 7.15804 2.15804 7.43934 2.43934L8.56066 3.56066C8.84196 3.84197 9.2235 4 9.62132 4H12.5C13.3284 4 14 4.67157 14 5.5V6.90135C13.5587 6.64609 13.0464 6.5 12.5 6.5H3.5C2.95357 6.5 2.44126 6.64609 2 6.90135V3.5Z\" fill=\"black\" \/>\n<path d=\"M2 9.5V12.5C2 13.3284 2.67157 14 3.5 14H12.5C13.3284 14 14 13.3284 14 12.5V9.5C14 8.67157 13.3284 8 12.5 8H3.5C2.67157 8 2 8.67157 2 9.5Z\" fill=\"black\" \/><\/svg>\t<\/span>\n<\/div>\n\n\n<div class=\"taxonomy-category wp-block-post-terms\"><a href=\"https:\/\/mimukai.eus\/es\/category\/noticias\/\" rel=\"tag\">Noticias<\/a><span class=\"wp-block-post-terms__separator\">, <\/span><a href=\"https:\/\/mimukai.eus\/es\/category\/turismo\/\" rel=\"tag\">Turismo<\/a><\/div><\/div>\n<\/div>\n\n<\/li><\/ul>\n\n\n\n<\/div>\n<\/div>\n","protected":false},"excerpt":{"rendered":"<p>Turismo Sostenible El principal impulsor del sector tur\u00edstico comarcal es el Consorcio Tur\u00edstico Plazaola. En 2021, el Consorcio Tur\u00edstico Plazaola elabor\u00f3 el Plan de Turismo Plazaola-Mendialdea 2022-2030 a trav\u00e9s de un amplio proceso participativo. De hecho, el Consorcio ha asumido el reto de trabajar con el enfoque comarcal y, dentro del Plan, gestionan la secci\u00f3n [&hellip;]<\/p>\n","protected":false},"author":1,"featured_media":0,"parent":2671,"menu_order":0,"comment_status":"closed","ping_status":"closed","template":"","meta":{"event_start_date":"","event_end_date":"","event_occurrences":[],"footnotes":""},"class_list":["post-2692","page","type-page","status-publish","hentry"],"yoast_head":"<!-- This site is optimized with the Yoast SEO plugin v27.1.1 - https:\/\/yoast.com\/product\/yoast-seo-wordpress\/ -->\n<title>Turismo - Mimukai<\/title>\n<meta name=\"robots\" content=\"index, follow, max-snippet:-1, max-image-preview:large, max-video-preview:-1\" \/>\n<link rel=\"canonical\" href=\"https:\/\/mimukai.eus\/es\/plan-de-impulso-economico\/turismo\/\" \/>\n<meta property=\"og:locale\" content=\"es_ES\" \/>\n<meta property=\"og:type\" content=\"article\" \/>\n<meta property=\"og:title\" content=\"Turismo - Mimukai\" \/>\n<meta property=\"og:description\" content=\"Turismo Sostenible El principal impulsor del sector tur\u00edstico comarcal es el Consorcio Tur\u00edstico Plazaola. En 2021, el Consorcio Tur\u00edstico Plazaola elabor\u00f3 el Plan de Turismo Plazaola-Mendialdea 2022-2030 a trav\u00e9s de un amplio proceso participativo. De hecho, el Consorcio ha asumido el reto de trabajar con el enfoque comarcal y, dentro del Plan, gestionan la secci\u00f3n [&hellip;]\" \/>\n<meta property=\"og:url\" content=\"https:\/\/mimukai.eus\/es\/plan-de-impulso-economico\/turismo\/\" \/>\n<meta property=\"og:site_name\" content=\"Mimukai\" \/>\n<meta property=\"article:modified_time\" content=\"2025-05-06T17:06:19+00:00\" \/>\n<meta name=\"twitter:card\" content=\"summary_large_image\" \/>\n<meta name=\"twitter:label1\" content=\"Est. reading time\" \/>\n\t<meta name=\"twitter:data1\" content=\"1 minute\" \/>\n<script type=\"application\/ld+json\" class=\"yoast-schema-graph\">{\"@context\":\"https:\/\/schema.org\",\"@graph\":[{\"@type\":\"WebPage\",\"@id\":\"https:\/\/mimukai.eus\/es\/plan-de-impulso-economico\/turismo\/\",\"url\":\"https:\/\/mimukai.eus\/es\/plan-de-impulso-economico\/turismo\/\",\"name\":\"Turismo - Mimukai\",\"isPartOf\":{\"@id\":\"https:\/\/mimukai.eus\/#website\"},\"datePublished\":\"2025-03-01T10:25:07+00:00\",\"dateModified\":\"2025-05-06T17:06:19+00:00\",\"breadcrumb\":{\"@id\":\"https:\/\/mimukai.eus\/es\/plan-de-impulso-economico\/turismo\/#breadcrumb\"},\"inLanguage\":\"es-ES\",\"potentialAction\":[{\"@type\":\"ReadAction\",\"target\":[\"https:\/\/mimukai.eus\/es\/plan-de-impulso-economico\/turismo\/\"]}]},{\"@type\":\"BreadcrumbList\",\"@id\":\"https:\/\/mimukai.eus\/es\/plan-de-impulso-economico\/turismo\/#breadcrumb\",\"itemListElement\":[{\"@type\":\"ListItem\",\"position\":1,\"name\":\"Home\",\"item\":\"https:\/\/mimukai.eus\/es\/\"},{\"@type\":\"ListItem\",\"position\":2,\"name\":\"Plan de Activaci\u00f3n Econ\u00f3mica\",\"item\":\"https:\/\/mimukai.eus\/es\/plan-de-impulso-economico\/\"},{\"@type\":\"ListItem\",\"position\":3,\"name\":\"Turismo\"}]},{\"@type\":\"WebSite\",\"@id\":\"https:\/\/mimukai.eus\/#website\",\"url\":\"https:\/\/mimukai.eus\/\",\"name\":\"Mimukai\",\"description\":\"Topagunea. Elkarlana. Sinergiak. Zubiak\",\"publisher\":{\"@id\":\"https:\/\/mimukai.eus\/#organization\"},\"potentialAction\":[{\"@type\":\"SearchAction\",\"target\":{\"@type\":\"EntryPoint\",\"urlTemplate\":\"https:\/\/mimukai.eus\/?s={search_term_string}\"},\"query-input\":{\"@type\":\"PropertyValueSpecification\",\"valueRequired\":true,\"valueName\":\"search_term_string\"}}],\"inLanguage\":\"es-ES\"},{\"@type\":\"Organization\",\"@id\":\"https:\/\/mimukai.eus\/#organization\",\"name\":\"Mimukai\",\"url\":\"https:\/\/mimukai.eus\/\",\"logo\":{\"@type\":\"ImageObject\",\"inLanguage\":\"es-ES\",\"@id\":\"https:\/\/mimukai.eus\/#\/schema\/logo\/image\/\",\"url\":\"https:\/\/mimukai.eus\/wp-content\/uploads\/2024\/03\/V1.png\",\"contentUrl\":\"https:\/\/mimukai.eus\/wp-content\/uploads\/2024\/03\/V1.png\",\"width\":1560,\"height\":304,\"caption\":\"Mimukai\"},\"image\":{\"@id\":\"https:\/\/mimukai.eus\/#\/schema\/logo\/image\/\"}}]}<\/script>\n<!-- \/ Yoast SEO plugin. -->","yoast_head_json":{"title":"Turismo - Mimukai","robots":{"index":"index","follow":"follow","max-snippet":"max-snippet:-1","max-image-preview":"max-image-preview:large","max-video-preview":"max-video-preview:-1"},"canonical":"https:\/\/mimukai.eus\/es\/plan-de-impulso-economico\/turismo\/","og_locale":"es_ES","og_type":"article","og_title":"Turismo - Mimukai","og_description":"Turismo Sostenible El principal impulsor del sector tur\u00edstico comarcal es el Consorcio Tur\u00edstico Plazaola. En 2021, el Consorcio Tur\u00edstico Plazaola elabor\u00f3 el Plan de Turismo Plazaola-Mendialdea 2022-2030 a trav\u00e9s de un amplio proceso participativo. De hecho, el Consorcio ha asumido el reto de trabajar con el enfoque comarcal y, dentro del Plan, gestionan la secci\u00f3n [&hellip;]","og_url":"https:\/\/mimukai.eus\/es\/plan-de-impulso-economico\/turismo\/","og_site_name":"Mimukai","article_modified_time":"2025-05-06T17:06:19+00:00","twitter_card":"summary_large_image","twitter_misc":{"Est. reading time":"1 minute"},"schema":{"@context":"https:\/\/schema.org","@graph":[{"@type":"WebPage","@id":"https:\/\/mimukai.eus\/es\/plan-de-impulso-economico\/turismo\/","url":"https:\/\/mimukai.eus\/es\/plan-de-impulso-economico\/turismo\/","name":"Turismo - Mimukai","isPartOf":{"@id":"https:\/\/mimukai.eus\/#website"},"datePublished":"2025-03-01T10:25:07+00:00","dateModified":"2025-05-06T17:06:19+00:00","breadcrumb":{"@id":"https:\/\/mimukai.eus\/es\/plan-de-impulso-economico\/turismo\/#breadcrumb"},"inLanguage":"es-ES","potentialAction":[{"@type":"ReadAction","target":["https:\/\/mimukai.eus\/es\/plan-de-impulso-economico\/turismo\/"]}]},{"@type":"BreadcrumbList","@id":"https:\/\/mimukai.eus\/es\/plan-de-impulso-economico\/turismo\/#breadcrumb","itemListElement":[{"@type":"ListItem","position":1,"name":"Home","item":"https:\/\/mimukai.eus\/es\/"},{"@type":"ListItem","position":2,"name":"Plan de Activaci\u00f3n Econ\u00f3mica","item":"https:\/\/mimukai.eus\/es\/plan-de-impulso-economico\/"},{"@type":"ListItem","position":3,"name":"Turismo"}]},{"@type":"WebSite","@id":"https:\/\/mimukai.eus\/#website","url":"https:\/\/mimukai.eus\/","name":"Mimukai","description":"Topagunea. Elkarlana. Sinergiak. Zubiak","publisher":{"@id":"https:\/\/mimukai.eus\/#organization"},"potentialAction":[{"@type":"SearchAction","target":{"@type":"EntryPoint","urlTemplate":"https:\/\/mimukai.eus\/?s={search_term_string}"},"query-input":{"@type":"PropertyValueSpecification","valueRequired":true,"valueName":"search_term_string"}}],"inLanguage":"es-ES"},{"@type":"Organization","@id":"https:\/\/mimukai.eus\/#organization","name":"Mimukai","url":"https:\/\/mimukai.eus\/","logo":{"@type":"ImageObject","inLanguage":"es-ES","@id":"https:\/\/mimukai.eus\/#\/schema\/logo\/image\/","url":"https:\/\/mimukai.eus\/wp-content\/uploads\/2024\/03\/V1.png","contentUrl":"https:\/\/mimukai.eus\/wp-content\/uploads\/2024\/03\/V1.png","width":1560,"height":304,"caption":"Mimukai"},"image":{"@id":"https:\/\/mimukai.eus\/#\/schema\/logo\/image\/"}}]}},"_links":{"self":[{"href":"https:\/\/mimukai.eus\/es\/wp-json\/wp\/v2\/pages\/2692","targetHints":{"allow":["GET"]}}],"collection":[{"href":"https:\/\/mimukai.eus\/es\/wp-json\/wp\/v2\/pages"}],"about":[{"href":"https:\/\/mimukai.eus\/es\/wp-json\/wp\/v2\/types\/page"}],"author":[{"embeddable":true,"href":"https:\/\/mimukai.eus\/es\/wp-json\/wp\/v2\/users\/1"}],"replies":[{"embeddable":true,"href":"https:\/\/mimukai.eus\/es\/wp-json\/wp\/v2\/comments?post=2692"}],"version-history":[{"count":8,"href":"https:\/\/mimukai.eus\/es\/wp-json\/wp\/v2\/pages\/2692\/revisions"}],"predecessor-version":[{"id":3133,"href":"https:\/\/mimukai.eus\/es\/wp-json\/wp\/v2\/pages\/2692\/revisions\/3133"}],"up":[{"embeddable":true,"href":"https:\/\/mimukai.eus\/es\/wp-json\/wp\/v2\/pages\/2671"}],"wp:attachment":[{"href":"https:\/\/mimukai.eus\/es\/wp-json\/wp\/v2\/media?parent=2692"}],"curies":[{"name":"wp","href":"https:\/\/api.w.org\/{rel}","templated":true}]}}