{"id":2671,"date":"2024-11-20T16:50:04","date_gmt":"2024-11-20T16:50:04","guid":{"rendered":"https:\/\/mimukai.eus\/plan-de-impulso-economico\/"},"modified":"2025-05-22T12:43:36","modified_gmt":"2025-05-22T12:43:36","slug":"plan-de-impulso-economico","status":"publish","type":"page","link":"https:\/\/mimukai.eus\/es\/plan-de-impulso-economico\/","title":{"rendered":"Plan de Activaci\u00f3n Econ\u00f3mica"},"content":{"rendered":"\n<h1 class=\"wp-block-heading\" data-aos=\"fade-right\" data-aos-duration=\"400\" data-aos-delay=\"0\">Plan de Activaci\u00f3n Econ\u00f3mica<\/h1>\n\n<p data-aos=\"fade-right\" data-aos-duration=\"400\" data-aos-delay=\"0\">Los 10 ayuntamientos de Mendialdea, el Consorcio Tur\u00edstico Plazaola y la Asociaci\u00f3n Cederna Garalur vieron la necesidad de dar un impulso a a la visi\u00f3n comarcal. As\u00ed, a partir de 2019, se puso el foco en la comarca, y sobre todo en la cooperaci\u00f3n en el desarrollo socio econ\u00f3mico, la identidad y cohesi\u00f3n comarcal.<\/p>\n\n<div class=\"wp-block-group alignfull has-base-color has-secondary-background-color has-text-color has-background has-link-color wp-elements-6fec1488231e7616f18ddd83e0b9172c has-global-padding is-layout-constrained wp-block-group-is-layout-constrained\" style=\"padding-top:var(--wp--preset--spacing--50);padding-bottom:var(--wp--preset--spacing--50)\" data-aos=\"fade-up\" data-aos-duration=\"400\" data-aos-delay=\"100\">\n<div class=\"wp-block-group is-layout-flow wp-block-group-is-layout-flow\" data-aos=\"fade-up\" data-aos-duration=\"400\" data-aos-delay=\"100\">\n<p class=\"has-large-font-size\">Los cinco principales sectores de la estrategia<\/p>\n<\/div>\n\n\n\n<div class=\"wp-block-buttons has-custom-font-size has-medium-font-size is-content-justification-left is-layout-flex wp-container-core-buttons-is-layout-9721f0ee wp-block-buttons-is-layout-flex\" data-aos=\"fade-up\" data-aos-duration=\"400\" data-aos-delay=\"100\">\n<div class=\"wp-block-button is-style-outline is-style-outline--2\"><a class=\"wp-block-button__link wp-element-button\" href=\"https:\/\/mimukai.eus\/es\/plan-de-impulso-economico\/industria\/\">INDUSTRIA<\/a><\/div>\n\n\n\n<div class=\"wp-block-button is-style-outline is-style-outline--3\"><a class=\"wp-block-button__link wp-element-button\" href=\"https:\/\/mimukai.eus\/es\/plan-de-impulso-economico\/alimentacion\/\">ALIMENTACI\u00d3N<\/a><\/div>\n\n\n\n<div class=\"wp-block-button is-style-outline is-style-outline--4\"><a class=\"wp-block-button__link wp-element-button\" href=\"https:\/\/mimukai.eus\/es\/plan-de-impulso-economico\/energia\/\">ENERG\u00cdA<\/a><\/div>\n\n\n\n<div class=\"wp-block-button is-style-outline is-style-outline--5\"><a class=\"wp-block-button__link wp-element-button\" href=\"https:\/\/mimukai.eus\/es\/plan-de-impulso-economico\/comercio\/\">COMERCIO<\/a><\/div>\n\n\n\n<div class=\"wp-block-button is-style-outline is-style-outline--6\"><a class=\"wp-block-button__link wp-element-button\" href=\"https:\/\/mimukai.eus\/es\/plan-de-impulso-economico\/turismo\/\">TURISMO<\/a><\/div>\n<\/div>\n<\/div>\n\n<p data-aos=\"fade-right\" data-aos-duration=\"400\" data-aos-delay=\"200\">Como resultado de esta participaci\u00f3n entre agentes locales, se ha elaborado el Plan de Activaci\u00f3n Econ\u00f3mica de Mendialdea. El plan se desarrollar\u00e1 a lo largo de los a\u00f1os 2023-2025 y se ha basado en la Estrategia de Especializaci\u00f3n Inteligente de Navarra, S4.<\/p>\n\n<div class=\"wp-block-group alignfull has-base-color has-secondary-background-color has-text-color has-background has-link-color wp-elements-8e5598c4588e6d612d4c29fc8b220d0b has-global-padding is-layout-constrained wp-block-group-is-layout-constrained\" style=\"padding-top:var(--wp--preset--spacing--40);padding-bottom:var(--wp--preset--spacing--40)\" data-aos=\"fade-up\" data-aos-duration=\"400\" data-aos-delay=\"300\">\n<h6 class=\"wp-block-heading has-base-color has-text-color has-link-color has-small-font-size wp-elements-91e2fb1158c19e8318ad49a1d1e80850\"><strong>Objetivo principal: <br\/><\/strong><\/h6>\n\n\n\n<pre class=\"wp-block-verse has-large-font-size\">Impulsar el desarrollo socioecon\u00f3mico inteligente y sostenible de la comarca.<\/pre>\n\n\n\n<h6 class=\"wp-block-heading has-base-color has-text-color has-link-color has-small-font-size wp-elements-99752d9a15867a60a03729dffaff7c79\"><strong>Objetivos espec\u00edficos: <br\/><\/strong><\/h6>\n\n\n\n<ul class=\"wp-block-list\">\n<li>Potenciar y dinamizar el tejido productivo de la comarca. <br\/><\/li>\n\n\n\n<li>Fomentar el emprendimiento y el empleo de calidad.<\/li>\n\n\n\n<li>Elkarlanerako aliantza publiko-pribatuak sustatzea.<\/li>\n\n\n\n<li>Mejorar la visi\u00f3n y la cohesi\u00f3n regional.<\/li>\n<\/ul>\n<\/div>\n\n<div class=\"wp-block-group alignfull has-tertiary-background-color has-background has-global-padding is-layout-constrained wp-block-group-is-layout-constrained\" style=\"margin-top:0;margin-bottom:0;padding-top:var(--wp--preset--spacing--40);padding-bottom:var(--wp--preset--spacing--40)\">\n<h6 class=\"wp-block-heading has-small-font-size\"><strong>Ejes transversales del Plan<\/strong><\/h6>\n\n\n\n<div class=\"wp-block-columns is-layout-flex wp-container-core-columns-is-layout-28f84493 wp-block-columns-is-layout-flex\">\n<div class=\"wp-block-column is-layout-flow wp-block-column-is-layout-flow\">\n<ul class=\"wp-block-list\">\n<li>Sostenibilidad <br\/><\/li>\n\n\n\n<li>Digitalizaci\u00f3n<\/li>\n<\/ul>\n<\/div>\n\n\n\n<div class=\"wp-block-column is-layout-flow wp-block-column-is-layout-flow\">\n<ul class=\"wp-block-list\">\n<li>Perspectiva de g\u00e9nero<\/li>\n<\/ul>\n<\/div>\n<\/div>\n<\/div>\n\n<div class=\"wp-block-buttons is-layout-flex wp-container-core-buttons-is-layout-20b0264d wp-block-buttons-is-layout-flex\" data-aos=\"fade-up\" data-aos-duration=\"400\" data-aos-delay=\"0\">\n<div class=\"wp-block-button is-style-outline is-style-outline--7\"><a class=\"wp-block-button__link wp-element-button\" href=\"https:\/\/mimukai.eus\/wp-content\/uploads\/2025\/04\/Plan-Activacion-Socioeconomico-de-Mendialdea.pdf\" target=\"_blank\" rel=\"noreferrer noopener\"><em>Plan de activaci\u00f3n econ\u00f3mica en Mendialdea<\/em><\/a><\/div>\n\n\n\n<div class=\"wp-block-button is-style-outline is-style-outline--8\"><a class=\"wp-block-button__link wp-element-button\" href=\"https:\/\/mimukai.eus\/wp-content\/uploads\/2025\/04\/Resumen-Ejecutivo-Plan-Mendialdea.pdf\" target=\"_blank\" rel=\"noreferrer noopener\"><em>Infograf\u00edas resumen<\/em><\/a><\/div>\n<\/div>\n\n<div class=\"wp-block-group has-global-padding is-layout-constrained wp-block-group-is-layout-constrained\" data-aos=\"fade-up\" data-aos-duration=\"400\" data-aos-delay=\"100\">\n<h3 class=\"wp-block-heading\">Gobernanza <br\/><\/h3>\n\n\n\n<figure class=\"wp-block-table is-style-stripes\" style=\"margin-top:0;margin-bottom:var(--wp--preset--spacing--50)\"><table class=\"has-fixed-layout\"><thead><tr><th class=\"has-text-align-left\" data-align=\"left\">ORGANOS <br\/><\/th><th class=\"has-text-align-left\" data-align=\"left\">FUNCIONES <br\/><\/th><th class=\"has-text-align-left\" data-align=\"left\">FRECUENCIA<\/th><\/tr><\/thead><tbody><tr><td class=\"has-text-align-left\" data-align=\"left\"><strong>Observatorio socioecon\u00f3mico <br\/><\/strong><\/td><td class=\"has-text-align-left\" data-align=\"left\"><strong>Gobernanza del plan <br\/><\/strong><\/td><td class=\"has-text-align-left\" data-align=\"left\"><strong>Al menos una vez al a\u00f1o<\/strong> y cuando sea necesario<\/td><\/tr><tr><td class=\"has-text-align-left\" data-align=\"left\"><strong>Grupo motor<\/strong><\/td><td class=\"has-text-align-left\" data-align=\"left\"><strong>Seguimiento y dinamizaci\u00f3n<\/strong><\/td><td class=\"has-text-align-left\" data-align=\"left\"><strong>Una vez al mes,<br\/><\/strong>y cuando sea necesario <br\/><\/td><\/tr><tr><td class=\"has-text-align-left\" data-align=\"left\"><strong>Foros Sectoriales<\/strong><\/td><td class=\"has-text-align-left\" data-align=\"left\"><strong>Trabajar sectores o temas concretos<\/strong><\/td><td class=\"has-text-align-left\" data-align=\"left\"><strong>Al menos dos veces al a\u00f1o <br\/><\/strong>y cuando sea necesario<\/td><\/tr><\/tbody><\/table><\/figure>\n<\/div>\n","protected":false},"excerpt":{"rendered":"<p>Plan de Activaci\u00f3n Econ\u00f3mica Los 10 ayuntamientos de Mendialdea, el Consorcio Tur\u00edstico Plazaola y la Asociaci\u00f3n Cederna Garalur vieron la necesidad de dar un impulso a a la visi\u00f3n comarcal. As\u00ed, a partir de 2019, se puso el foco en la comarca, y sobre todo en la cooperaci\u00f3n en el desarrollo socio econ\u00f3mico, la identidad [&hellip;]<\/p>\n","protected":false},"author":1,"featured_media":0,"parent":0,"menu_order":0,"comment_status":"closed","ping_status":"closed","template":"","meta":{"event_start_date":"","event_end_date":"","event_occurrences":[],"footnotes":""},"class_list":["post-2671","page","type-page","status-publish","hentry"],"yoast_head":"<!-- This site is optimized with the Yoast SEO plugin v27.1.1 - https:\/\/yoast.com\/product\/yoast-seo-wordpress\/ -->\n<title>Plan de Activaci\u00f3n Econ\u00f3mica - Mimukai<\/title>\n<meta name=\"robots\" content=\"index, follow, max-snippet:-1, max-image-preview:large, max-video-preview:-1\" \/>\n<link rel=\"canonical\" href=\"https:\/\/mimukai.eus\/es\/plan-de-impulso-economico\/\" \/>\n<meta property=\"og:locale\" content=\"es_ES\" \/>\n<meta property=\"og:type\" content=\"article\" \/>\n<meta property=\"og:title\" content=\"Plan de Activaci\u00f3n Econ\u00f3mica - Mimukai\" \/>\n<meta property=\"og:description\" content=\"Plan de Activaci\u00f3n Econ\u00f3mica Los 10 ayuntamientos de Mendialdea, el Consorcio Tur\u00edstico Plazaola y la Asociaci\u00f3n Cederna Garalur vieron la necesidad de dar un impulso a a la visi\u00f3n comarcal. As\u00ed, a partir de 2019, se puso el foco en la comarca, y sobre todo en la cooperaci\u00f3n en el desarrollo socio econ\u00f3mico, la identidad [&hellip;]\" \/>\n<meta property=\"og:url\" content=\"https:\/\/mimukai.eus\/es\/plan-de-impulso-economico\/\" \/>\n<meta property=\"og:site_name\" content=\"Mimukai\" \/>\n<meta property=\"article:modified_time\" content=\"2025-05-22T12:43:36+00:00\" \/>\n<meta name=\"twitter:card\" content=\"summary_large_image\" \/>\n<meta name=\"twitter:label1\" content=\"Est. reading time\" \/>\n\t<meta name=\"twitter:data1\" content=\"1 minute\" \/>\n<script type=\"application\/ld+json\" class=\"yoast-schema-graph\">{\"@context\":\"https:\/\/schema.org\",\"@graph\":[{\"@type\":\"WebPage\",\"@id\":\"https:\/\/mimukai.eus\/es\/plan-de-impulso-economico\/\",\"url\":\"https:\/\/mimukai.eus\/es\/plan-de-impulso-economico\/\",\"name\":\"Plan de Activaci\u00f3n Econ\u00f3mica - Mimukai\",\"isPartOf\":{\"@id\":\"https:\/\/mimukai.eus\/#website\"},\"datePublished\":\"2024-11-20T16:50:04+00:00\",\"dateModified\":\"2025-05-22T12:43:36+00:00\",\"breadcrumb\":{\"@id\":\"https:\/\/mimukai.eus\/es\/plan-de-impulso-economico\/#breadcrumb\"},\"inLanguage\":\"es-ES\",\"potentialAction\":[{\"@type\":\"ReadAction\",\"target\":[\"https:\/\/mimukai.eus\/es\/plan-de-impulso-economico\/\"]}]},{\"@type\":\"BreadcrumbList\",\"@id\":\"https:\/\/mimukai.eus\/es\/plan-de-impulso-economico\/#breadcrumb\",\"itemListElement\":[{\"@type\":\"ListItem\",\"position\":1,\"name\":\"Home\",\"item\":\"https:\/\/mimukai.eus\/es\/\"},{\"@type\":\"ListItem\",\"position\":2,\"name\":\"Plan de Activaci\u00f3n Econ\u00f3mica\"}]},{\"@type\":\"WebSite\",\"@id\":\"https:\/\/mimukai.eus\/#website\",\"url\":\"https:\/\/mimukai.eus\/\",\"name\":\"Mimukai\",\"description\":\"Topagunea. Elkarlana. Sinergiak. Zubiak\",\"publisher\":{\"@id\":\"https:\/\/mimukai.eus\/#organization\"},\"potentialAction\":[{\"@type\":\"SearchAction\",\"target\":{\"@type\":\"EntryPoint\",\"urlTemplate\":\"https:\/\/mimukai.eus\/?s={search_term_string}\"},\"query-input\":{\"@type\":\"PropertyValueSpecification\",\"valueRequired\":true,\"valueName\":\"search_term_string\"}}],\"inLanguage\":\"es-ES\"},{\"@type\":\"Organization\",\"@id\":\"https:\/\/mimukai.eus\/#organization\",\"name\":\"Mimukai\",\"url\":\"https:\/\/mimukai.eus\/\",\"logo\":{\"@type\":\"ImageObject\",\"inLanguage\":\"es-ES\",\"@id\":\"https:\/\/mimukai.eus\/#\/schema\/logo\/image\/\",\"url\":\"https:\/\/mimukai.eus\/wp-content\/uploads\/2024\/03\/V1.png\",\"contentUrl\":\"https:\/\/mimukai.eus\/wp-content\/uploads\/2024\/03\/V1.png\",\"width\":1560,\"height\":304,\"caption\":\"Mimukai\"},\"image\":{\"@id\":\"https:\/\/mimukai.eus\/#\/schema\/logo\/image\/\"}}]}<\/script>\n<!-- \/ Yoast SEO plugin. -->","yoast_head_json":{"title":"Plan de Activaci\u00f3n Econ\u00f3mica - Mimukai","robots":{"index":"index","follow":"follow","max-snippet":"max-snippet:-1","max-image-preview":"max-image-preview:large","max-video-preview":"max-video-preview:-1"},"canonical":"https:\/\/mimukai.eus\/es\/plan-de-impulso-economico\/","og_locale":"es_ES","og_type":"article","og_title":"Plan de Activaci\u00f3n Econ\u00f3mica - Mimukai","og_description":"Plan de Activaci\u00f3n Econ\u00f3mica Los 10 ayuntamientos de Mendialdea, el Consorcio Tur\u00edstico Plazaola y la Asociaci\u00f3n Cederna Garalur vieron la necesidad de dar un impulso a a la visi\u00f3n comarcal. As\u00ed, a partir de 2019, se puso el foco en la comarca, y sobre todo en la cooperaci\u00f3n en el desarrollo socio econ\u00f3mico, la identidad [&hellip;]","og_url":"https:\/\/mimukai.eus\/es\/plan-de-impulso-economico\/","og_site_name":"Mimukai","article_modified_time":"2025-05-22T12:43:36+00:00","twitter_card":"summary_large_image","twitter_misc":{"Est. reading time":"1 minute"},"schema":{"@context":"https:\/\/schema.org","@graph":[{"@type":"WebPage","@id":"https:\/\/mimukai.eus\/es\/plan-de-impulso-economico\/","url":"https:\/\/mimukai.eus\/es\/plan-de-impulso-economico\/","name":"Plan de Activaci\u00f3n Econ\u00f3mica - Mimukai","isPartOf":{"@id":"https:\/\/mimukai.eus\/#website"},"datePublished":"2024-11-20T16:50:04+00:00","dateModified":"2025-05-22T12:43:36+00:00","breadcrumb":{"@id":"https:\/\/mimukai.eus\/es\/plan-de-impulso-economico\/#breadcrumb"},"inLanguage":"es-ES","potentialAction":[{"@type":"ReadAction","target":["https:\/\/mimukai.eus\/es\/plan-de-impulso-economico\/"]}]},{"@type":"BreadcrumbList","@id":"https:\/\/mimukai.eus\/es\/plan-de-impulso-economico\/#breadcrumb","itemListElement":[{"@type":"ListItem","position":1,"name":"Home","item":"https:\/\/mimukai.eus\/es\/"},{"@type":"ListItem","position":2,"name":"Plan de Activaci\u00f3n Econ\u00f3mica"}]},{"@type":"WebSite","@id":"https:\/\/mimukai.eus\/#website","url":"https:\/\/mimukai.eus\/","name":"Mimukai","description":"Topagunea. Elkarlana. Sinergiak. Zubiak","publisher":{"@id":"https:\/\/mimukai.eus\/#organization"},"potentialAction":[{"@type":"SearchAction","target":{"@type":"EntryPoint","urlTemplate":"https:\/\/mimukai.eus\/?s={search_term_string}"},"query-input":{"@type":"PropertyValueSpecification","valueRequired":true,"valueName":"search_term_string"}}],"inLanguage":"es-ES"},{"@type":"Organization","@id":"https:\/\/mimukai.eus\/#organization","name":"Mimukai","url":"https:\/\/mimukai.eus\/","logo":{"@type":"ImageObject","inLanguage":"es-ES","@id":"https:\/\/mimukai.eus\/#\/schema\/logo\/image\/","url":"https:\/\/mimukai.eus\/wp-content\/uploads\/2024\/03\/V1.png","contentUrl":"https:\/\/mimukai.eus\/wp-content\/uploads\/2024\/03\/V1.png","width":1560,"height":304,"caption":"Mimukai"},"image":{"@id":"https:\/\/mimukai.eus\/#\/schema\/logo\/image\/"}}]}},"_links":{"self":[{"href":"https:\/\/mimukai.eus\/es\/wp-json\/wp\/v2\/pages\/2671","targetHints":{"allow":["GET"]}}],"collection":[{"href":"https:\/\/mimukai.eus\/es\/wp-json\/wp\/v2\/pages"}],"about":[{"href":"https:\/\/mimukai.eus\/es\/wp-json\/wp\/v2\/types\/page"}],"author":[{"embeddable":true,"href":"https:\/\/mimukai.eus\/es\/wp-json\/wp\/v2\/users\/1"}],"replies":[{"embeddable":true,"href":"https:\/\/mimukai.eus\/es\/wp-json\/wp\/v2\/comments?post=2671"}],"version-history":[{"count":15,"href":"https:\/\/mimukai.eus\/es\/wp-json\/wp\/v2\/pages\/2671\/revisions"}],"predecessor-version":[{"id":3200,"href":"https:\/\/mimukai.eus\/es\/wp-json\/wp\/v2\/pages\/2671\/revisions\/3200"}],"wp:attachment":[{"href":"https:\/\/mimukai.eus\/es\/wp-json\/wp\/v2\/media?parent=2671"}],"curies":[{"name":"wp","href":"https:\/\/api.w.org\/{rel}","templated":true}]}}